{"id":256,"date":"2022-05-02T22:58:45","date_gmt":"2022-05-02T20:58:45","guid":{"rendered":"https:\/\/ixnea.it\/?page_id=256"},"modified":"2024-02-08T22:17:44","modified_gmt":"2024-02-08T21:17:44","slug":"daniela-ostuni","status":"publish","type":"page","link":"https:\/\/ixnea.com\/index.php\/daniela-ostuni\/","title":{"rendered":"Daniela Ostuni"},"content":{"rendered":"\t\t<div data-elementor-type=\"wp-page\" data-elementor-id=\"256\" class=\"elementor elementor-256\">\n\t\t\t\t\t\t\t\t\t<section class=\"elementor-section elementor-top-section elementor-element elementor-element-29b4f23a elementor-section-boxed elementor-section-height-default elementor-section-height-default\" data-id=\"29b4f23a\" data-element_type=\"section\" data-settings=\"{&quot;background_background&quot;:&quot;classic&quot;}\">\n\t\t\t\t\t\t\t<div class=\"elementor-background-overlay\"><\/div>\n\t\t\t\t\t\t\t<div class=\"elementor-container elementor-column-gap-default\">\n\t\t\t\t\t<div class=\"elementor-column elementor-col-100 elementor-top-column elementor-element elementor-element-75b9a635\" data-id=\"75b9a635\" data-element_type=\"column\">\n\t\t\t<div class=\"elementor-widget-wrap elementor-element-populated\">\n\t\t\t\t\t\t\t\t\t<\/div>\n\t\t<\/div>\n\t\t\t\t\t\t\t<\/div>\n\t\t<\/section>\n\t\t\t\t<section class=\"elementor-section elementor-top-section elementor-element elementor-element-1f8d2fd8 elementor-section-boxed elementor-section-height-default elementor-section-height-default\" data-id=\"1f8d2fd8\" data-element_type=\"section\">\n\t\t\t\t\t\t<div class=\"elementor-container elementor-column-gap-default\">\n\t\t\t\t\t<div class=\"elementor-column elementor-col-33 elementor-top-column elementor-element elementor-element-17a102ac\" data-id=\"17a102ac\" data-element_type=\"column\">\n\t\t\t<div class=\"elementor-widget-wrap elementor-element-populated\">\n\t\t\t\t\t\t\t\t<div class=\"elementor-element elementor-element-42f43900 elementor-widget elementor-widget-image\" data-id=\"42f43900\" data-element_type=\"widget\" data-widget_type=\"image.default\">\n\t\t\t\t<div class=\"elementor-widget-container\">\n\t\t\t<style>\/*! elementor - v3.6.6 - 08-06-2022 *\/\n.elementor-widget-image{text-align:center}.elementor-widget-image a{display:inline-block}.elementor-widget-image a img[src$=\".svg\"]{width:48px}.elementor-widget-image img{vertical-align:middle;display:inline-block}<\/style>\t\t\t\t\t\t\t\t\t\t\t\t<img width=\"783\" height=\"1024\" src=\"https:\/\/ixnea.com\/wp-content\/uploads\/2024\/02\/daniela_ostuni-783x1024.jpg\" class=\"attachment-large size-large\" alt=\"\" loading=\"lazy\" srcset=\"https:\/\/ixnea.com\/wp-content\/uploads\/2024\/02\/daniela_ostuni-783x1024.jpg 783w, https:\/\/ixnea.com\/wp-content\/uploads\/2024\/02\/daniela_ostuni-229x300.jpg 229w, https:\/\/ixnea.com\/wp-content\/uploads\/2024\/02\/daniela_ostuni-768x1005.jpg 768w, https:\/\/ixnea.com\/wp-content\/uploads\/2024\/02\/daniela_ostuni-1174x1536.jpg 1174w, https:\/\/ixnea.com\/wp-content\/uploads\/2024\/02\/daniela_ostuni-1565x2048.jpg 1565w, https:\/\/ixnea.com\/wp-content\/uploads\/2024\/02\/daniela_ostuni.jpg 1711w\" sizes=\"(max-width: 783px) 100vw, 783px\" \/>\t\t\t\t\t\t\t\t\t\t\t\t\t\t\t<\/div>\n\t\t\t\t<\/div>\n\t\t\t\t<div class=\"elementor-element elementor-element-57538e1a elementor-align-center elementor-widget elementor-widget-button\" data-id=\"57538e1a\" data-element_type=\"widget\" data-widget_type=\"button.default\">\n\t\t\t\t<div class=\"elementor-widget-container\">\n\t\t\t\t\t<div class=\"elementor-button-wrapper\">\n\t\t\t<a href=\"mailto:segreteria@ixnea.com\" class=\"elementor-button-link elementor-button elementor-size-lg\" role=\"button\">\n\t\t\t\t\t\t<span class=\"elementor-button-content-wrapper\">\n\t\t\t\t\t\t<span class=\"elementor-button-text\">segreteria@ixnea.com<\/span>\n\t\t<\/span>\n\t\t\t\t\t<\/a>\n\t\t<\/div>\n\t\t\t\t<\/div>\n\t\t\t\t<\/div>\n\t\t\t\t\t<\/div>\n\t\t<\/div>\n\t\t\t\t<div class=\"elementor-column elementor-col-66 elementor-top-column elementor-element elementor-element-629926fe\" data-id=\"629926fe\" data-element_type=\"column\">\n\t\t\t<div class=\"elementor-widget-wrap elementor-element-populated\">\n\t\t\t\t\t\t\t\t<div class=\"elementor-element elementor-element-7419135b elementor-widget elementor-widget-text-editor\" data-id=\"7419135b\" data-element_type=\"widget\" data-widget_type=\"text-editor.default\">\n\t\t\t\t<div class=\"elementor-widget-container\">\n\t\t\t<style>\/*! elementor - v3.6.6 - 08-06-2022 *\/\n.elementor-widget-text-editor.elementor-drop-cap-view-stacked .elementor-drop-cap{background-color:#818a91;color:#fff}.elementor-widget-text-editor.elementor-drop-cap-view-framed .elementor-drop-cap{color:#818a91;border:3px solid;background-color:transparent}.elementor-widget-text-editor:not(.elementor-drop-cap-view-default) .elementor-drop-cap{margin-top:8px}.elementor-widget-text-editor:not(.elementor-drop-cap-view-default) .elementor-drop-cap-letter{width:1em;height:1em}.elementor-widget-text-editor .elementor-drop-cap{float:left;text-align:center;line-height:1;font-size:50px}.elementor-widget-text-editor .elementor-drop-cap-letter{display:inline-block}<\/style>\t\t\t\t<p>Dopo la laurea in Lingue, Letterature e Studi Interculturali in inglese, spagnolo e cinese mandarino conseguita presso l\u2019Universit\u00e0 degli Studi di Firenze nel 2015 ed una esperienza di lavoro all\u2019estero, ha iniziato ad approcciarsi al mondo della propriet\u00e0 industriale in una grande realt\u00e0 societaria.<\/p><p>In seguito, si \u00e8 unita ad Ixnea dove oggi ricopre il ruolo di responsabile amministrativo e della segreteria.<\/p><p>\u00c8 appassionata di letteratura vittoriana, animali e viaggi.<\/p>\t\t\t\t\t\t<\/div>\n\t\t\t\t<\/div>\n\t\t\t\t\t<\/div>\n\t\t<\/div>\n\t\t\t\t\t\t\t<\/div>\n\t\t<\/section>\n\t\t\t\t\t\t\t<\/div>\n\t\t","protected":false},"excerpt":{"rendered":"<p>segreteria@ixnea.com Dopo la laurea in Lingue, Letterature e Studi Interculturali in inglese, spagnolo e cinese mandarino conseguita presso l\u2019Universit\u00e0 degli Studi di Firenze nel 2015 ed una esperienza di lavoro all\u2019estero, ha iniziato ad approcciarsi al mondo della propriet\u00e0 industriale in una grande realt\u00e0 societaria. In seguito, si \u00e8 unita ad Ixnea dove oggi ricopre [&hellip;]<\/p>\n","protected":false},"author":2,"featured_media":0,"parent":0,"menu_order":0,"comment_status":"closed","ping_status":"closed","template":"","meta":[],"_links":{"self":[{"href":"https:\/\/ixnea.com\/index.php\/wp-json\/wp\/v2\/pages\/256"}],"collection":[{"href":"https:\/\/ixnea.com\/index.php\/wp-json\/wp\/v2\/pages"}],"about":[{"href":"https:\/\/ixnea.com\/index.php\/wp-json\/wp\/v2\/types\/page"}],"author":[{"embeddable":true,"href":"https:\/\/ixnea.com\/index.php\/wp-json\/wp\/v2\/users\/2"}],"replies":[{"embeddable":true,"href":"https:\/\/ixnea.com\/index.php\/wp-json\/wp\/v2\/comments?post=256"}],"version-history":[{"count":13,"href":"https:\/\/ixnea.com\/index.php\/wp-json\/wp\/v2\/pages\/256\/revisions"}],"predecessor-version":[{"id":779,"href":"https:\/\/ixnea.com\/index.php\/wp-json\/wp\/v2\/pages\/256\/revisions\/779"}],"wp:attachment":[{"href":"https:\/\/ixnea.com\/index.php\/wp-json\/wp\/v2\/media?parent=256"}],"curies":[{"name":"wp","href":"https:\/\/api.w.org\/{rel}","templated":true}]}}